{"id":11901,"date":"2021-12-17T12:21:52","date_gmt":"2021-12-17T12:21:52","guid":{"rendered":"http:\/\/victoriaminoldo.com.ar\/?post_type=product&#038;p=11901"},"modified":"2024-11-15T16:19:30","modified_gmt":"2024-11-15T16:19:30","slug":"conversaciones-de-coaching-ontologico-2","status":"publish","type":"product","link":"https:\/\/victoriaminoldo.com.ar\/index.php\/product\/conversaciones-de-coaching-ontologico-2\/","title":{"rendered":"CONVERSACIONES DE COACHING ONTOL\u00d3GICO"},"content":{"rendered":"\t\t<div data-elementor-type=\"wp-post\" data-elementor-id=\"11901\" class=\"elementor elementor-11901\">\n\t\t\t\t\t\t\t\t\t<section class=\"elementor-section elementor-top-section elementor-element elementor-element-5e20693 elementor-section-boxed elementor-section-height-default elementor-section-height-default wd-section-disabled exad-glass-effect-no exad-sticky-section-no\" data-id=\"5e20693\" data-element_type=\"section\">\n\t\t\t\t\t\t<div class=\"elementor-container elementor-column-gap-default\">\n\t\t\t\t\t<div class=\"elementor-column elementor-col-50 elementor-top-column elementor-element elementor-element-a7272f9 exad-glass-effect-no exad-sticky-section-no\" data-id=\"a7272f9\" data-element_type=\"column\">\n\t\t\t<div class=\"elementor-widget-wrap elementor-element-populated\">\n\t\t\t\t\t\t\t\t<div class=\"elementor-element elementor-element-b65c432 exad-sticky-section-no exad-glass-effect-no elementor-widget elementor-widget-heading\" data-id=\"b65c432\" data-element_type=\"widget\" data-widget_type=\"heading.default\">\n\t\t\t\t<div class=\"elementor-widget-container\">\n\t\t\t<style>\/*! elementor - v3.6.7 - 03-07-2022 *\/\n.elementor-heading-title{padding:0;margin:0;line-height:1}.elementor-widget-heading .elementor-heading-title[class*=elementor-size-]>a{color:inherit;font-size:inherit;line-height:inherit}.elementor-widget-heading .elementor-heading-title.elementor-size-small{font-size:15px}.elementor-widget-heading .elementor-heading-title.elementor-size-medium{font-size:19px}.elementor-widget-heading .elementor-heading-title.elementor-size-large{font-size:29px}.elementor-widget-heading .elementor-heading-title.elementor-size-xl{font-size:39px}.elementor-widget-heading .elementor-heading-title.elementor-size-xxl{font-size:59px}<\/style><h2 class=\"elementor-heading-title elementor-size-default\">Coaching<\/h2>\t\t<\/div>\n\t\t\t\t<\/div>\n\t\t\t\t<div class=\"elementor-element elementor-element-b7e30a7 exad-sticky-section-no exad-glass-effect-no elementor-widget elementor-widget-heading\" data-id=\"b7e30a7\" data-element_type=\"widget\" data-widget_type=\"heading.default\">\n\t\t\t\t<div class=\"elementor-widget-container\">\n\t\t\t<h2 class=\"elementor-heading-title elementor-size-default\">El coaching es una disciplina que ayuda a las personas a acercar la brecha entre quienes son y quienes quieren ser.<\/h2>\t\t<\/div>\n\t\t\t\t<\/div>\n\t\t\t\t\t<\/div>\n\t\t<\/div>\n\t\t\t\t<div class=\"elementor-column elementor-col-50 elementor-top-column elementor-element elementor-element-7f033e0 exad-glass-effect-no exad-sticky-section-no\" data-id=\"7f033e0\" data-element_type=\"column\">\n\t\t\t<div class=\"elementor-widget-wrap elementor-element-populated\">\n\t\t\t\t\t\t\t\t<div class=\"elementor-element elementor-element-c93e0f9 color-scheme-inherit text-left exad-sticky-section-no exad-glass-effect-no elementor-widget elementor-widget-text-editor\" data-id=\"c93e0f9\" data-element_type=\"widget\" data-widget_type=\"text-editor.default\">\n\t\t\t\t<div class=\"elementor-widget-container\">\n\t\t\t<style>\/*! elementor - v3.6.7 - 03-07-2022 *\/\n.elementor-widget-text-editor.elementor-drop-cap-view-stacked .elementor-drop-cap{background-color:#818a91;color:#fff}.elementor-widget-text-editor.elementor-drop-cap-view-framed .elementor-drop-cap{color:#818a91;border:3px solid;background-color:transparent}.elementor-widget-text-editor:not(.elementor-drop-cap-view-default) .elementor-drop-cap{margin-top:8px}.elementor-widget-text-editor:not(.elementor-drop-cap-view-default) .elementor-drop-cap-letter{width:1em;height:1em}.elementor-widget-text-editor .elementor-drop-cap{float:left;text-align:center;line-height:1;font-size:50px}.elementor-widget-text-editor .elementor-drop-cap-letter{display:inline-block}<\/style>\t\t\t\t<p><em>&#8220;Como tema o objetivo de una conversaci\u00f3n de coaching pod\u00e9s traer cualquier situaci\u00f3n, circunstancia, que te gustar\u00eda que sea diferente o que necesites una nueva perspectiva para abordarla.&#8221;<\/em><\/p>\t\t\t\t\t\t<\/div>\n\t\t\t\t<\/div>\n\t\t\t\t\t<\/div>\n\t\t<\/div>\n\t\t\t\t\t\t\t<\/div>\n\t\t<\/section>\n\t\t\t\t<section class=\"elementor-section elementor-top-section elementor-element elementor-element-473bda9b elementor-section-boxed elementor-section-height-default elementor-section-height-default wd-section-disabled exad-glass-effect-no exad-sticky-section-no\" data-id=\"473bda9b\" data-element_type=\"section\">\n\t\t\t\t\t\t<div class=\"elementor-container elementor-column-gap-default\">\n\t\t\t\t\t<div class=\"elementor-column elementor-col-100 elementor-top-column elementor-element elementor-element-d78a9a7 exad-glass-effect-no exad-sticky-section-no\" data-id=\"d78a9a7\" data-element_type=\"column\">\n\t\t\t<div class=\"elementor-widget-wrap elementor-element-populated\">\n\t\t\t\t\t\t\t\t<div class=\"elementor-element elementor-element-6278ee13 exad-sticky-section-no exad-glass-effect-no elementor-widget elementor-widget-heading\" data-id=\"6278ee13\" data-element_type=\"widget\" data-widget_type=\"heading.default\">\n\t\t\t\t<div class=\"elementor-widget-container\">\n\t\t\t<h2 class=\"elementor-heading-title elementor-size-default\">\u00bfDe qu\u00e9 se trata?<\/h2>\t\t<\/div>\n\t\t\t\t<\/div>\n\t\t\t\t<div class=\"elementor-element elementor-element-3c4c4afa color-scheme-inherit text-left exad-sticky-section-no exad-glass-effect-no elementor-widget elementor-widget-text-editor\" data-id=\"3c4c4afa\" data-element_type=\"widget\" data-widget_type=\"text-editor.default\">\n\t\t\t\t<div class=\"elementor-widget-container\">\n\t\t\t\t\t\t\t<p><span style=\"font-weight: 400;\">-No es una sesi\u00f3n de psicolog\u00eda ni una mentor\u00eda.\u00a0\u00a0<\/span><\/p><p><span style=\"font-weight: 400;\">-Como coach no te digo qu\u00e9 hacer, no te doy consejos, no te critico ni te juzgo.\u00a0\u00a0<\/span><\/p><p><span style=\"font-weight: 400;\">-Te hago preguntas en base al objetivo con el que quieras trabajar. <\/span><\/p>\t\t\t\t\t\t<\/div>\n\t\t\t\t<\/div>\n\t\t\t\t<section class=\"wd-negative-gap elementor-section elementor-inner-section elementor-element elementor-element-11dcd0a8 elementor-section-boxed elementor-section-height-default elementor-section-height-default wd-section-disabled exad-glass-effect-no exad-sticky-section-no\" data-id=\"11dcd0a8\" data-element_type=\"section\">\n\t\t\t\t\t\t<div class=\"elementor-container elementor-column-gap-default\">\n\t\t\t\t\t<div class=\"elementor-column elementor-col-50 elementor-inner-column elementor-element elementor-element-21b30ca2 exad-glass-effect-no exad-sticky-section-no\" data-id=\"21b30ca2\" data-element_type=\"column\">\n\t\t\t<div class=\"elementor-widget-wrap elementor-element-populated\">\n\t\t\t\t\t\t\t\t<div class=\"elementor-element elementor-element-78937c1e exad-sticky-section-no exad-glass-effect-no elementor-widget elementor-widget-image\" data-id=\"78937c1e\" data-element_type=\"widget\" data-widget_type=\"image.default\">\n\t\t\t\t<div class=\"elementor-widget-container\">\n\t\t\t<style>\/*! elementor - v3.6.7 - 03-07-2022 *\/\n.elementor-widget-image{text-align:center}.elementor-widget-image a{display:inline-block}.elementor-widget-image a img[src$=\".svg\"]{width:48px}.elementor-widget-image img{vertical-align:middle;display:inline-block}<\/style>\t\t\t\t\t\t\t\t\t\t\t\t<img decoding=\"async\" width=\"80\" height=\"77\" src=\"https:\/\/victoriaminoldo.com.ar\/wp-content\/uploads\/2022\/01\/A91anzpnd_1l0uw08_79k.png\" class=\"attachment-full size-full\" alt=\"\" \/>\t\t\t\t\t\t\t\t\t\t\t\t\t\t\t<\/div>\n\t\t\t\t<\/div>\n\t\t\t\t\t<\/div>\n\t\t<\/div>\n\t\t\t\t<div class=\"elementor-column elementor-col-50 elementor-inner-column elementor-element elementor-element-43f4dad4 exad-glass-effect-no exad-sticky-section-no\" data-id=\"43f4dad4\" data-element_type=\"column\">\n\t\t\t<div class=\"elementor-widget-wrap elementor-element-populated\">\n\t\t\t\t\t\t\t\t<div class=\"elementor-element elementor-element-3dd7ae7a color-scheme-inherit text-left exad-sticky-section-no exad-glass-effect-no elementor-widget elementor-widget-text-editor\" data-id=\"3dd7ae7a\" data-element_type=\"widget\" data-widget_type=\"text-editor.default\">\n\t\t\t\t<div class=\"elementor-widget-container\">\n\t\t\t\t\t\t\t<p>Como tema o objetivo de una conversaci\u00f3n de coaching pod\u00e9s traer cualquier situaci\u00f3n, circunstancia, que te gustar\u00eda que sea diferente o que necesites una nueva perspectiva para abordarla.<\/p>\t\t\t\t\t\t<\/div>\n\t\t\t\t<\/div>\n\t\t\t\t\t<\/div>\n\t\t<\/div>\n\t\t\t\t\t\t\t<\/div>\n\t\t<\/section>\n\t\t\t\t\t<\/div>\n\t\t<\/div>\n\t\t\t\t\t\t\t<\/div>\n\t\t<\/section>\n\t\t\t\t<section class=\"wd-negative-gap elementor-section elementor-inner-section elementor-element elementor-element-3afb30db elementor-section-boxed elementor-section-height-default elementor-section-height-default wd-section-disabled exad-glass-effect-no exad-sticky-section-no\" data-id=\"3afb30db\" data-element_type=\"section\">\n\t\t\t\t\t\t<div class=\"elementor-container elementor-column-gap-default\">\n\t\t\t\t\t<div class=\"elementor-column elementor-col-50 elementor-inner-column elementor-element elementor-element-218ff0dd exad-glass-effect-no exad-sticky-section-no\" data-id=\"218ff0dd\" data-element_type=\"column\">\n\t\t\t<div class=\"elementor-widget-wrap elementor-element-populated\">\n\t\t\t\t\t\t\t\t<div class=\"elementor-element elementor-element-f69c0fb exad-sticky-section-no exad-glass-effect-no elementor-widget elementor-widget-image\" data-id=\"f69c0fb\" data-element_type=\"widget\" data-widget_type=\"image.default\">\n\t\t\t\t<div class=\"elementor-widget-container\">\n\t\t\t\t\t\t\t\t\t\t\t\t\t\t\t<img decoding=\"async\" width=\"1080\" height=\"1080\" src=\"https:\/\/victoriaminoldo.com.ar\/wp-content\/uploads\/2021\/09\/2DT.png\" class=\"attachment-full size-full\" alt=\"\" srcset=\"https:\/\/victoriaminoldo.com.ar\/wp-content\/uploads\/2021\/09\/2DT.png 1080w, https:\/\/victoriaminoldo.com.ar\/wp-content\/uploads\/2021\/09\/2DT-600x600.png 600w, https:\/\/victoriaminoldo.com.ar\/wp-content\/uploads\/2021\/09\/2DT-150x150.png 150w, https:\/\/victoriaminoldo.com.ar\/wp-content\/uploads\/2021\/09\/2DT-300x300.png 300w, https:\/\/victoriaminoldo.com.ar\/wp-content\/uploads\/2021\/09\/2DT-1024x1024.png 1024w, https:\/\/victoriaminoldo.com.ar\/wp-content\/uploads\/2021\/09\/2DT-768x768.png 768w\" sizes=\"(max-width: 1080px) 100vw, 1080px\" \/>\t\t\t\t\t\t\t\t\t\t\t\t\t\t\t<\/div>\n\t\t\t\t<\/div>\n\t\t\t\t\t<\/div>\n\t\t<\/div>\n\t\t\t\t<div class=\"elementor-column elementor-col-50 elementor-inner-column elementor-element elementor-element-38f5b88f exad-glass-effect-no exad-sticky-section-no\" data-id=\"38f5b88f\" data-element_type=\"column\">\n\t\t\t<div class=\"elementor-widget-wrap elementor-element-populated\">\n\t\t\t\t\t\t\t\t<div class=\"elementor-element elementor-element-4bb3dce8 exad-sticky-section-no exad-glass-effect-no elementor-widget elementor-widget-heading\" data-id=\"4bb3dce8\" data-element_type=\"widget\" data-widget_type=\"heading.default\">\n\t\t\t\t<div class=\"elementor-widget-container\">\n\t\t\t<h2 class=\"elementor-heading-title elementor-size-default\">\u00bfC\u00f3mo saber si las sesiones<\/h2>\t\t<\/div>\n\t\t\t\t<\/div>\n\t\t\t\t<div class=\"elementor-element elementor-element-46f26e08 exad-sticky-section-no exad-glass-effect-no elementor-widget elementor-widget-heading\" data-id=\"46f26e08\" data-element_type=\"widget\" data-widget_type=\"heading.default\">\n\t\t\t\t<div class=\"elementor-widget-container\">\n\t\t\t<h2 class=\"elementor-heading-title elementor-size-default\">son para mi?<\/h2>\t\t<\/div>\n\t\t\t\t<\/div>\n\t\t\t\t<div class=\"elementor-element elementor-element-1c28b56d elementor-position-left elementor-vertical-align-middle exad-sticky-section-no exad-glass-effect-no elementor-widget elementor-widget-image-box\" data-id=\"1c28b56d\" data-element_type=\"widget\" data-widget_type=\"image-box.default\">\n\t\t\t\t<div class=\"elementor-widget-container\">\n\t\t\t<style>\/*! elementor - v3.6.7 - 03-07-2022 *\/\n.elementor-widget-image-box .elementor-image-box-content{width:100%}@media (min-width:768px){.elementor-widget-image-box.elementor-position-left .elementor-image-box-wrapper,.elementor-widget-image-box.elementor-position-right .elementor-image-box-wrapper{display:-webkit-box;display:-ms-flexbox;display:flex}.elementor-widget-image-box.elementor-position-right .elementor-image-box-wrapper{text-align:right;-webkit-box-orient:horizontal;-webkit-box-direction:reverse;-ms-flex-direction:row-reverse;flex-direction:row-reverse}.elementor-widget-image-box.elementor-position-left .elementor-image-box-wrapper{text-align:left;-webkit-box-orient:horizontal;-webkit-box-direction:normal;-ms-flex-direction:row;flex-direction:row}.elementor-widget-image-box.elementor-position-top .elementor-image-box-img{margin:auto}.elementor-widget-image-box.elementor-vertical-align-top .elementor-image-box-wrapper{-webkit-box-align:start;-ms-flex-align:start;align-items:flex-start}.elementor-widget-image-box.elementor-vertical-align-middle .elementor-image-box-wrapper{-webkit-box-align:center;-ms-flex-align:center;align-items:center}.elementor-widget-image-box.elementor-vertical-align-bottom .elementor-image-box-wrapper{-webkit-box-align:end;-ms-flex-align:end;align-items:flex-end}}@media (max-width:767px){.elementor-widget-image-box .elementor-image-box-img{margin-left:auto!important;margin-right:auto!important;margin-bottom:15px}}.elementor-widget-image-box .elementor-image-box-img{display:inline-block}.elementor-widget-image-box .elementor-image-box-title a{color:inherit}.elementor-widget-image-box .elementor-image-box-wrapper{text-align:center}.elementor-widget-image-box .elementor-image-box-description{margin:0}<\/style><div class=\"elementor-image-box-wrapper\"><figure class=\"elementor-image-box-img\"><img decoding=\"async\" width=\"38\" height=\"48\" src=\"https:\/\/victoriaminoldo.com.ar\/wp-content\/uploads\/2022\/01\/A93y6stw_1l0uw0g_79k.png\" class=\"attachment-full size-full\" alt=\"\" \/><\/figure><div class=\"elementor-image-box-content\"><p class=\"elementor-image-box-description\">\u00bfSent\u00eds que frente a las dificultades no hay mucho para hacer?\n<\/p><\/div><\/div>\t\t<\/div>\n\t\t\t\t<\/div>\n\t\t\t\t<div class=\"elementor-element elementor-element-3ca29c16 elementor-position-left elementor-vertical-align-middle exad-sticky-section-no exad-glass-effect-no elementor-widget elementor-widget-image-box\" data-id=\"3ca29c16\" data-element_type=\"widget\" data-widget_type=\"image-box.default\">\n\t\t\t\t<div class=\"elementor-widget-container\">\n\t\t\t<div class=\"elementor-image-box-wrapper\"><figure class=\"elementor-image-box-img\"><img decoding=\"async\" width=\"38\" height=\"48\" src=\"https:\/\/victoriaminoldo.com.ar\/wp-content\/uploads\/2022\/01\/A93y6stw_1l0uw0g_79k.png\" class=\"attachment-full size-full\" alt=\"\" \/><\/figure><div class=\"elementor-image-box-content\"><p class=\"elementor-image-box-description\">\u00bfTe ocupas de las cosas? \u00bfo te preocupas?\n<\/p><\/div><\/div>\t\t<\/div>\n\t\t\t\t<\/div>\n\t\t\t\t<div class=\"elementor-element elementor-element-1202f73b elementor-position-left elementor-vertical-align-middle exad-sticky-section-no exad-glass-effect-no elementor-widget elementor-widget-image-box\" data-id=\"1202f73b\" data-element_type=\"widget\" data-widget_type=\"image-box.default\">\n\t\t\t\t<div class=\"elementor-widget-container\">\n\t\t\t<div class=\"elementor-image-box-wrapper\"><figure class=\"elementor-image-box-img\"><img decoding=\"async\" width=\"38\" height=\"48\" src=\"https:\/\/victoriaminoldo.com.ar\/wp-content\/uploads\/2022\/01\/A93y6stw_1l0uw0g_79k.png\" class=\"attachment-full size-full\" alt=\"\" \/><\/figure><div class=\"elementor-image-box-content\"><p class=\"elementor-image-box-description\">Cu\u00e1l es tu narrativa, \u00bfhabl\u00e1s desde la v\u00edctima? \u00bfo sos la protagonista?\n<\/p><\/div><\/div>\t\t<\/div>\n\t\t\t\t<\/div>\n\t\t\t\t<div class=\"elementor-element elementor-element-30d78ef color-scheme-inherit text-left exad-sticky-section-no exad-glass-effect-no elementor-widget elementor-widget-text-editor\" data-id=\"30d78ef\" data-element_type=\"widget\" data-widget_type=\"text-editor.default\">\n\t\t\t\t<div class=\"elementor-widget-container\">\n\t\t\t\t\t\t\t<p>Desde el Coaching Ontol\u00f3gico miramos el presente -creencias, valores, h\u00e1bitos, talentos, \u00e1reas de mejora- para dise\u00f1ar el futuro.<\/p><p><em><strong>Te acompa\u00f1o a trav\u00e9s de conversaciones de coaching para que dise\u00f1es tu ser.\u00a0<\/strong><\/em><\/p>\t\t\t\t\t\t<\/div>\n\t\t\t\t<\/div>\n\t\t\t\t\t<\/div>\n\t\t<\/div>\n\t\t\t\t\t\t\t<\/div>\n\t\t<\/section>\n\t\t\t\t\t\t\t<\/div>\n\t\t","protected":false},"excerpt":{"rendered":"<ul>\n<li><strong>\ud83d\udcb5 10% de descuento pagando por transferencia bancaria <\/strong>(el descuento se aplica al avanzar en el carrito de compras y seleccionar el m\u00e9todo de pago transferencia)<\/li>\n<\/ul>\n","protected":false},"featured_media":13037,"template":"","meta":[],"product_cat":[15,80],"product_tag":[],"aioseo_notices":[],"_links":{"self":[{"href":"https:\/\/victoriaminoldo.com.ar\/index.php\/wp-json\/wp\/v2\/product\/11901"}],"collection":[{"href":"https:\/\/victoriaminoldo.com.ar\/index.php\/wp-json\/wp\/v2\/product"}],"about":[{"href":"https:\/\/victoriaminoldo.com.ar\/index.php\/wp-json\/wp\/v2\/types\/product"}],"version-history":[{"count":2,"href":"https:\/\/victoriaminoldo.com.ar\/index.php\/wp-json\/wp\/v2\/product\/11901\/revisions"}],"predecessor-version":[{"id":14033,"href":"https:\/\/victoriaminoldo.com.ar\/index.php\/wp-json\/wp\/v2\/product\/11901\/revisions\/14033"}],"wp:featuredmedia":[{"embeddable":true,"href":"https:\/\/victoriaminoldo.com.ar\/index.php\/wp-json\/wp\/v2\/media\/13037"}],"wp:attachment":[{"href":"https:\/\/victoriaminoldo.com.ar\/index.php\/wp-json\/wp\/v2\/media?parent=11901"}],"wp:term":[{"taxonomy":"product_cat","embeddable":true,"href":"https:\/\/victoriaminoldo.com.ar\/index.php\/wp-json\/wp\/v2\/product_cat?post=11901"},{"taxonomy":"product_tag","embeddable":true,"href":"https:\/\/victoriaminoldo.com.ar\/index.php\/wp-json\/wp\/v2\/product_tag?post=11901"}],"curies":[{"name":"wp","href":"https:\/\/api.w.org\/{rel}","templated":true}]}}