{"id":12106,"date":"2022-01-08T21:07:14","date_gmt":"2022-01-08T21:07:14","guid":{"rendered":"http:\/\/victoriaminoldo.com.ar\/?post_type=product&#038;p=12106"},"modified":"2025-03-11T12:52:36","modified_gmt":"2025-03-11T12:52:36","slug":"laboratorio-de-estilo-2","status":"publish","type":"product","link":"https:\/\/victoriaminoldo.com.ar\/index.php\/product\/laboratorio-de-estilo-2\/","title":{"rendered":"LABORATORIO DE ESTILO"},"content":{"rendered":"\t\t<div data-elementor-type=\"wp-post\" data-elementor-id=\"12106\" class=\"elementor elementor-12106\">\n\t\t\t\t\t\t\t\t\t<section class=\"elementor-section elementor-top-section elementor-element elementor-element-20f53b5 elementor-section-boxed elementor-section-height-default elementor-section-height-default wd-section-disabled exad-glass-effect-no exad-sticky-section-no\" data-id=\"20f53b5\" data-element_type=\"section\">\n\t\t\t\t\t\t<div class=\"elementor-container elementor-column-gap-default\">\n\t\t\t\t\t<div class=\"elementor-column elementor-col-100 elementor-top-column elementor-element elementor-element-380cf46 exad-glass-effect-no exad-sticky-section-no\" data-id=\"380cf46\" data-element_type=\"column\">\n\t\t\t<div class=\"elementor-widget-wrap elementor-element-populated\">\n\t\t\t\t\t\t\t\t<div class=\"elementor-element elementor-element-4fc3cb8 text-center color-scheme-inherit exad-sticky-section-no exad-glass-effect-no elementor-widget elementor-widget-text-editor\" data-id=\"4fc3cb8\" data-element_type=\"widget\" data-widget_type=\"text-editor.default\">\n\t\t\t\t<div class=\"elementor-widget-container\">\n\t\t\t<style>\/*! elementor - v3.6.7 - 03-07-2022 *\/\n.elementor-widget-text-editor.elementor-drop-cap-view-stacked .elementor-drop-cap{background-color:#818a91;color:#fff}.elementor-widget-text-editor.elementor-drop-cap-view-framed .elementor-drop-cap{color:#818a91;border:3px solid;background-color:transparent}.elementor-widget-text-editor:not(.elementor-drop-cap-view-default) .elementor-drop-cap{margin-top:8px}.elementor-widget-text-editor:not(.elementor-drop-cap-view-default) .elementor-drop-cap-letter{width:1em;height:1em}.elementor-widget-text-editor .elementor-drop-cap{float:left;text-align:center;line-height:1;font-size:50px}.elementor-widget-text-editor .elementor-drop-cap-letter{display:inline-block}<\/style>\t\t\t\t<p>Te acompa\u00f1o a trabajar en tu imagen personal para que logres conexi\u00f3n y coherencia entre lo que sos, lo que hac\u00e9s y lo que proyect\u00e1s en los dem\u00e1s.<\/p>\t\t\t\t\t\t<\/div>\n\t\t\t\t<\/div>\n\t\t\t\t\t<\/div>\n\t\t<\/div>\n\t\t\t\t\t\t\t<\/div>\n\t\t<\/section>\n\t\t\t\t<section class=\"elementor-section elementor-top-section elementor-element elementor-element-b2ab63b elementor-section-boxed elementor-section-height-default elementor-section-height-default wd-section-disabled exad-glass-effect-no exad-sticky-section-no\" data-id=\"b2ab63b\" data-element_type=\"section\">\n\t\t\t\t\t\t<div class=\"elementor-container elementor-column-gap-default\">\n\t\t\t\t\t<div class=\"elementor-column elementor-col-100 elementor-top-column elementor-element elementor-element-0d6db43 exad-glass-effect-no exad-sticky-section-no\" data-id=\"0d6db43\" data-element_type=\"column\">\n\t\t\t<div class=\"elementor-widget-wrap elementor-element-populated\">\n\t\t\t\t\t\t\t\t<div class=\"elementor-element elementor-element-aba2ed9 exad-sticky-section-no exad-glass-effect-no elementor-widget elementor-widget-heading\" data-id=\"aba2ed9\" data-element_type=\"widget\" data-widget_type=\"heading.default\">\n\t\t\t\t<div class=\"elementor-widget-container\">\n\t\t\t<style>\/*! elementor - v3.6.7 - 03-07-2022 *\/\n.elementor-heading-title{padding:0;margin:0;line-height:1}.elementor-widget-heading .elementor-heading-title[class*=elementor-size-]>a{color:inherit;font-size:inherit;line-height:inherit}.elementor-widget-heading .elementor-heading-title.elementor-size-small{font-size:15px}.elementor-widget-heading .elementor-heading-title.elementor-size-medium{font-size:19px}.elementor-widget-heading .elementor-heading-title.elementor-size-large{font-size:29px}.elementor-widget-heading .elementor-heading-title.elementor-size-xl{font-size:39px}.elementor-widget-heading .elementor-heading-title.elementor-size-xxl{font-size:59px}<\/style><h2 class=\"elementor-heading-title elementor-size-default\">\u00bfCu\u00e1les son los beneficios del laboratorio de estilo?<\/h2>\t\t<\/div>\n\t\t\t\t<\/div>\n\t\t\t\t\t<\/div>\n\t\t<\/div>\n\t\t\t\t\t\t\t<\/div>\n\t\t<\/section>\n\t\t\t\t<section class=\"elementor-section elementor-top-section elementor-element elementor-element-5bce57f wd-section-stretch-content elementor-section-boxed elementor-section-height-default elementor-section-height-default exad-glass-effect-no exad-sticky-section-no\" data-id=\"5bce57f\" data-element_type=\"section\">\n\t\t\t\t\t\t<div class=\"elementor-container elementor-column-gap-default\">\n\t\t\t\t\t<div class=\"elementor-column elementor-col-50 elementor-top-column elementor-element elementor-element-8933bef exad-glass-effect-no exad-sticky-section-no\" data-id=\"8933bef\" data-element_type=\"column\">\n\t\t\t<div class=\"elementor-widget-wrap elementor-element-populated\">\n\t\t\t\t\t\t\t\t<div class=\"elementor-element elementor-element-80a921d color-scheme-inherit text-left exad-sticky-section-no exad-glass-effect-no elementor-widget elementor-widget-text-editor\" data-id=\"80a921d\" data-element_type=\"widget\" data-widget_type=\"text-editor.default\">\n\t\t\t\t<div class=\"elementor-widget-container\">\n\t\t\t\t\t\t\t<h1>Laboratorio de estilo<\/h1>\t\t\t\t\t\t<\/div>\n\t\t\t\t<\/div>\n\t\t\t\t\t<\/div>\n\t\t<\/div>\n\t\t\t\t<div class=\"elementor-column elementor-col-50 elementor-top-column elementor-element elementor-element-54e1f49 exad-glass-effect-no exad-sticky-section-no\" data-id=\"54e1f49\" data-element_type=\"column\">\n\t\t\t<div class=\"elementor-widget-wrap elementor-element-populated\">\n\t\t\t\t\t\t\t\t<div class=\"elementor-element elementor-element-53ff46b color-scheme-inherit text-left exad-sticky-section-no exad-glass-effect-no elementor-widget elementor-widget-text-editor\" data-id=\"53ff46b\" data-element_type=\"widget\" data-widget_type=\"text-editor.default\">\n\t\t\t\t<div class=\"elementor-widget-container\">\n\t\t\t\t\t\t\t<p>Este servicio <strong>es para vos si est\u00e1s interesada en<\/strong> redescubrir y\/o potenciar tu estilo personal. Es un proceso de <strong>autoexploraci\u00f3n<\/strong>, en el que conectamos tus gustos, ideas y deseos con la forma en que te expres\u00e1s y le comunic\u00e1s al mundo qui\u00e9n sos.<\/p>\t\t\t\t\t\t<\/div>\n\t\t\t\t<\/div>\n\t\t\t\t\t<\/div>\n\t\t<\/div>\n\t\t\t\t\t\t\t<\/div>\n\t\t<\/section>\n\t\t\t\t<section class=\"elementor-section elementor-top-section elementor-element elementor-element-1b64e99 elementor-section-boxed elementor-section-height-default elementor-section-height-default wd-section-disabled exad-glass-effect-no exad-sticky-section-no\" data-id=\"1b64e99\" data-element_type=\"section\">\n\t\t\t\t\t\t<div class=\"elementor-container elementor-column-gap-default\">\n\t\t\t\t\t<div class=\"elementor-column elementor-col-100 elementor-top-column elementor-element elementor-element-7fda45e exad-glass-effect-no exad-sticky-section-no\" data-id=\"7fda45e\" data-element_type=\"column\">\n\t\t\t<div class=\"elementor-widget-wrap elementor-element-populated\">\n\t\t\t\t\t\t\t\t<div class=\"elementor-element elementor-element-13b763a elementor-position-left elementor-vertical-align-bottom exad-sticky-section-no exad-glass-effect-no elementor-widget elementor-widget-image-box\" data-id=\"13b763a\" data-element_type=\"widget\" data-widget_type=\"image-box.default\">\n\t\t\t\t<div class=\"elementor-widget-container\">\n\t\t\t<style>\/*! elementor - v3.6.7 - 03-07-2022 *\/\n.elementor-widget-image-box .elementor-image-box-content{width:100%}@media (min-width:768px){.elementor-widget-image-box.elementor-position-left .elementor-image-box-wrapper,.elementor-widget-image-box.elementor-position-right .elementor-image-box-wrapper{display:-webkit-box;display:-ms-flexbox;display:flex}.elementor-widget-image-box.elementor-position-right .elementor-image-box-wrapper{text-align:right;-webkit-box-orient:horizontal;-webkit-box-direction:reverse;-ms-flex-direction:row-reverse;flex-direction:row-reverse}.elementor-widget-image-box.elementor-position-left .elementor-image-box-wrapper{text-align:left;-webkit-box-orient:horizontal;-webkit-box-direction:normal;-ms-flex-direction:row;flex-direction:row}.elementor-widget-image-box.elementor-position-top .elementor-image-box-img{margin:auto}.elementor-widget-image-box.elementor-vertical-align-top .elementor-image-box-wrapper{-webkit-box-align:start;-ms-flex-align:start;align-items:flex-start}.elementor-widget-image-box.elementor-vertical-align-middle .elementor-image-box-wrapper{-webkit-box-align:center;-ms-flex-align:center;align-items:center}.elementor-widget-image-box.elementor-vertical-align-bottom .elementor-image-box-wrapper{-webkit-box-align:end;-ms-flex-align:end;align-items:flex-end}}@media (max-width:767px){.elementor-widget-image-box .elementor-image-box-img{margin-left:auto!important;margin-right:auto!important;margin-bottom:15px}}.elementor-widget-image-box .elementor-image-box-img{display:inline-block}.elementor-widget-image-box .elementor-image-box-title a{color:inherit}.elementor-widget-image-box .elementor-image-box-wrapper{text-align:center}.elementor-widget-image-box .elementor-image-box-description{margin:0}<\/style><div class=\"elementor-image-box-wrapper\"><figure class=\"elementor-image-box-img\"><img decoding=\"async\" width=\"38\" height=\"48\" src=\"https:\/\/victoriaminoldo.com.ar\/wp-content\/uploads\/2022\/01\/A93y6stw_1l0uw0g_79k.png\" class=\"attachment-full size-full\" alt=\"\" \/><\/figure><div class=\"elementor-image-box-content\"><h3 class=\"elementor-image-box-title\">Conocer qu\u00e9 prendas, cortes y complementos componen tu estilo, ganando tiempo al momento de vestir.<\/h3><\/div><\/div>\t\t<\/div>\n\t\t\t\t<\/div>\n\t\t\t\t<div class=\"elementor-element elementor-element-d7d9a55 elementor-position-left elementor-vertical-align-middle exad-sticky-section-no exad-glass-effect-no elementor-widget elementor-widget-image-box\" data-id=\"d7d9a55\" data-element_type=\"widget\" data-widget_type=\"image-box.default\">\n\t\t\t\t<div class=\"elementor-widget-container\">\n\t\t\t<div class=\"elementor-image-box-wrapper\"><figure class=\"elementor-image-box-img\"><img decoding=\"async\" width=\"38\" height=\"48\" src=\"https:\/\/victoriaminoldo.com.ar\/wp-content\/uploads\/2022\/01\/A93y6stw_1l0uw0g_79k.png\" class=\"attachment-full size-full\" alt=\"\" \/><\/figure><div class=\"elementor-image-box-content\"><h3 class=\"elementor-image-box-title\">Adaptar tus prendas a los diferentes contextos y ocasiones de uso.<\/h3><\/div><\/div>\t\t<\/div>\n\t\t\t\t<\/div>\n\t\t\t\t<div class=\"elementor-element elementor-element-cdefba1 elementor-position-left elementor-vertical-align-bottom exad-sticky-section-no exad-glass-effect-no elementor-widget elementor-widget-image-box\" data-id=\"cdefba1\" data-element_type=\"widget\" data-widget_type=\"image-box.default\">\n\t\t\t\t<div class=\"elementor-widget-container\">\n\t\t\t<div class=\"elementor-image-box-wrapper\"><figure class=\"elementor-image-box-img\"><img decoding=\"async\" width=\"38\" height=\"48\" src=\"https:\/\/victoriaminoldo.com.ar\/wp-content\/uploads\/2022\/01\/A93y6stw_1l0uw0g_79k.png\" class=\"attachment-full size-full\" alt=\"\" \/><\/figure><div class=\"elementor-image-box-content\"><h3 class=\"elementor-image-box-title\">Ser m\u00e1s asertiva e inteligente a la hora de comprar y as\u00ed gastar menos dinero.<\/h3><\/div><\/div>\t\t<\/div>\n\t\t\t\t<\/div>\n\t\t\t\t\t<\/div>\n\t\t<\/div>\n\t\t\t\t\t\t\t<\/div>\n\t\t<\/section>\n\t\t\t\t<section class=\"elementor-section elementor-top-section elementor-element elementor-element-f33d6a8 elementor-section-boxed elementor-section-height-default elementor-section-height-default wd-section-disabled exad-glass-effect-no exad-sticky-section-no\" data-id=\"f33d6a8\" data-element_type=\"section\">\n\t\t\t\t\t\t<div class=\"elementor-container elementor-column-gap-default\">\n\t\t\t\t\t<div class=\"elementor-column elementor-col-100 elementor-top-column elementor-element elementor-element-70bb9ad exad-glass-effect-no exad-sticky-section-no\" data-id=\"70bb9ad\" data-element_type=\"column\">\n\t\t\t<div class=\"elementor-widget-wrap\">\n\t\t\t\t\t\t\t\t\t<\/div>\n\t\t<\/div>\n\t\t\t\t\t\t\t<\/div>\n\t\t<\/section>\n\t\t\t\t<section class=\"elementor-section elementor-top-section elementor-element elementor-element-5f5f7b8 elementor-section-boxed elementor-section-height-default elementor-section-height-default wd-section-disabled exad-glass-effect-no exad-sticky-section-no\" data-id=\"5f5f7b8\" data-element_type=\"section\">\n\t\t\t\t\t\t<div class=\"elementor-container elementor-column-gap-default\">\n\t\t\t\t\t<div class=\"elementor-column elementor-col-100 elementor-top-column elementor-element elementor-element-7351f58 exad-glass-effect-no exad-sticky-section-no\" data-id=\"7351f58\" data-element_type=\"column\">\n\t\t\t<div class=\"elementor-widget-wrap elementor-element-populated\">\n\t\t\t\t\t\t\t\t<section class=\"wd-negative-gap elementor-section elementor-inner-section elementor-element elementor-element-783c52a elementor-section-boxed elementor-section-height-default elementor-section-height-default wd-section-disabled exad-glass-effect-no exad-sticky-section-no\" data-id=\"783c52a\" data-element_type=\"section\">\n\t\t\t\t\t\t<div class=\"elementor-container elementor-column-gap-default\">\n\t\t\t\t\t<div class=\"elementor-column elementor-col-100 elementor-inner-column elementor-element elementor-element-21fab5a exad-glass-effect-no exad-sticky-section-no\" data-id=\"21fab5a\" data-element_type=\"column\">\n\t\t\t<div class=\"elementor-widget-wrap elementor-element-populated\">\n\t\t\t\t\t\t\t\t<div class=\"elementor-element elementor-element-1a146ce elementor-position-left elementor-vertical-align-bottom exad-sticky-section-no exad-glass-effect-no elementor-widget elementor-widget-image-box\" data-id=\"1a146ce\" data-element_type=\"widget\" data-widget_type=\"image-box.default\">\n\t\t\t\t<div class=\"elementor-widget-container\">\n\t\t\t<div class=\"elementor-image-box-wrapper\"><figure class=\"elementor-image-box-img\"><img decoding=\"async\" width=\"77\" height=\"85\" src=\"https:\/\/victoriaminoldo.com.ar\/wp-content\/uploads\/2022\/01\/A91gx1gjr_1l0uvzz_79k.png\" class=\"attachment-medium size-medium\" alt=\"\" \/><\/figure><div class=\"elementor-image-box-content\"><h3 class=\"elementor-image-box-title\">Modalidad<\/h3><p class=\"elementor-image-box-description\">Esta propuesta tiene formato online y abarca 3 instancias:<\/p><\/div><\/div>\t\t<\/div>\n\t\t\t\t<\/div>\n\t\t\t\t\t<\/div>\n\t\t<\/div>\n\t\t\t\t\t\t\t<\/div>\n\t\t<\/section>\n\t\t\t\t<section class=\"elementor-section elementor-inner-section elementor-element elementor-element-e19a47f elementor-section-boxed elementor-section-height-default elementor-section-height-default wd-section-disabled exad-glass-effect-no exad-sticky-section-no\" data-id=\"e19a47f\" data-element_type=\"section\">\n\t\t\t\t\t\t<div class=\"elementor-container elementor-column-gap-default\">\n\t\t\t\t\t<div class=\"elementor-column elementor-col-50 elementor-inner-column elementor-element elementor-element-ccebc84 exad-glass-effect-no exad-sticky-section-no\" data-id=\"ccebc84\" data-element_type=\"column\">\n\t\t\t<div class=\"elementor-widget-wrap elementor-element-populated\">\n\t\t\t\t\t\t\t\t<div class=\"elementor-element elementor-element-8221929 exad-sticky-section-no exad-glass-effect-no elementor-widget elementor-widget-image\" data-id=\"8221929\" data-element_type=\"widget\" data-widget_type=\"image.default\">\n\t\t\t\t<div class=\"elementor-widget-container\">\n\t\t\t<style>\/*! elementor - v3.6.7 - 03-07-2022 *\/\n.elementor-widget-image{text-align:center}.elementor-widget-image a{display:inline-block}.elementor-widget-image a img[src$=\".svg\"]{width:48px}.elementor-widget-image img{vertical-align:middle;display:inline-block}<\/style>\t\t\t\t\t\t\t\t\t\t\t\t<img decoding=\"async\" width=\"1024\" height=\"683\" src=\"https:\/\/victoriaminoldo.com.ar\/wp-content\/uploads\/2021\/09\/DSC_2720-1024x683.jpg\" class=\"attachment-large size-large\" alt=\"\" srcset=\"https:\/\/victoriaminoldo.com.ar\/wp-content\/uploads\/2021\/09\/DSC_2720-1024x683.jpg 1024w, https:\/\/victoriaminoldo.com.ar\/wp-content\/uploads\/2021\/09\/DSC_2720-scaled-150x100.jpg 150w, https:\/\/victoriaminoldo.com.ar\/wp-content\/uploads\/2021\/09\/DSC_2720-scaled-1200x800.jpg 1200w, https:\/\/victoriaminoldo.com.ar\/wp-content\/uploads\/2021\/09\/DSC_2720-300x200.jpg 300w, https:\/\/victoriaminoldo.com.ar\/wp-content\/uploads\/2021\/09\/DSC_2720-768x512.jpg 768w, https:\/\/victoriaminoldo.com.ar\/wp-content\/uploads\/2021\/09\/DSC_2720-1536x1024.jpg 1536w, https:\/\/victoriaminoldo.com.ar\/wp-content\/uploads\/2021\/09\/DSC_2720-2048x1365.jpg 2048w\" sizes=\"(max-width: 1024px) 100vw, 1024px\" \/>\t\t\t\t\t\t\t\t\t\t\t\t\t\t\t<\/div>\n\t\t\t\t<\/div>\n\t\t\t\t\t<\/div>\n\t\t<\/div>\n\t\t\t\t<div class=\"elementor-column elementor-col-50 elementor-inner-column elementor-element elementor-element-8f04e23 exad-glass-effect-no exad-sticky-section-no\" data-id=\"8f04e23\" data-element_type=\"column\">\n\t\t\t<div class=\"elementor-widget-wrap elementor-element-populated\">\n\t\t\t\t\t\t\t\t<div class=\"elementor-element elementor-element-95cd1f9 elementor-position-left elementor-vertical-align-top exad-sticky-section-no exad-glass-effect-no elementor-widget elementor-widget-image-box\" data-id=\"95cd1f9\" data-element_type=\"widget\" data-widget_type=\"image-box.default\">\n\t\t\t\t<div class=\"elementor-widget-container\">\n\t\t\t<div class=\"elementor-image-box-wrapper\"><figure class=\"elementor-image-box-img\"><img decoding=\"async\" width=\"38\" height=\"48\" src=\"https:\/\/victoriaminoldo.com.ar\/wp-content\/uploads\/2022\/01\/A93y6stw_1l0uw0g_79k.png\" class=\"attachment-full size-full\" alt=\"\" \/><\/figure><div class=\"elementor-image-box-content\"><p class=\"elementor-image-box-description\"><strong>Etapa 1<\/strong>: te env\u00edo por correo mi test de estilo y un breve cuestionario con preguntas para explorar tu estilo de vida y objetivos.<\/p><\/div><\/div>\t\t<\/div>\n\t\t\t\t<\/div>\n\t\t\t\t<div class=\"elementor-element elementor-element-6a6e341 elementor-position-left elementor-vertical-align-top exad-sticky-section-no exad-glass-effect-no elementor-widget elementor-widget-image-box\" data-id=\"6a6e341\" data-element_type=\"widget\" data-widget_type=\"image-box.default\">\n\t\t\t\t<div class=\"elementor-widget-container\">\n\t\t\t<div class=\"elementor-image-box-wrapper\"><figure class=\"elementor-image-box-img\"><img decoding=\"async\" width=\"38\" height=\"48\" src=\"https:\/\/victoriaminoldo.com.ar\/wp-content\/uploads\/2022\/01\/A93y6stw_1l0uw0g_79k.png\" class=\"attachment-full size-full\" alt=\"\" \/><\/figure><div class=\"elementor-image-box-content\"><p class=\"elementor-image-box-description\"><strong>Etapa 2<\/strong>: sesi\u00f3n online de 1:30 hs. en la que tenemos una entrevista para que nos conozcamos y me cuentes qu\u00e9 desaf\u00edos ten\u00e9s a la hora de vestirte, cu\u00e1les son tus objetivos a lograr en cuanto a tu imagen personal y otras preguntas orientadas a tu estilo de vida. Vamos a ver im\u00e1genes de los distintos estilos de vestimenta y sus mensajes para detectar aquel\/a- quellos con los cuales te sent\u00eds m\u00e1s identi\ufb01cada y comenzar a delinear tu sello personal.<\/p><\/div><\/div>\t\t<\/div>\n\t\t\t\t<\/div>\n\t\t\t\t<div class=\"elementor-element elementor-element-2f28eef elementor-position-left elementor-vertical-align-top exad-sticky-section-no exad-glass-effect-no elementor-widget elementor-widget-image-box\" data-id=\"2f28eef\" data-element_type=\"widget\" data-widget_type=\"image-box.default\">\n\t\t\t\t<div class=\"elementor-widget-container\">\n\t\t\t<div class=\"elementor-image-box-wrapper\"><figure class=\"elementor-image-box-img\"><img decoding=\"async\" width=\"38\" height=\"48\" src=\"https:\/\/victoriaminoldo.com.ar\/wp-content\/uploads\/2022\/01\/A93y6stw_1l0uw0g_79k.png\" class=\"attachment-full size-full\" alt=\"\" \/><\/figure><div class=\"elementor-image-box-content\"><p class=\"elementor-image-box-description\"><strong>Etapa 3<\/strong>: sesi\u00f3n online de 1.30 hs -planteada 10 d\u00edas despu\u00e9s de la etapa 2- en la que te presento mi propuesta de estilo en versi\u00f3n digital. Es un informe detallado y personalizado con recomendaciones pr\u00e1cticas  orientadas a tus objetivos de imagen, a partir de lo que de\ufb01nimos en las etapas previas.<\/p><\/div><\/div>\t\t<\/div>\n\t\t\t\t<\/div>\n\t\t\t\t<div class=\"elementor-element elementor-element-fca3682 elementor-add-to-cart--align-center exad-sticky-section-no exad-glass-effect-no elementor-widget elementor-widget-wc-add-to-cart\" data-id=\"fca3682\" data-element_type=\"widget\" data-widget_type=\"wc-add-to-cart.default\">\n\t\t\t\t<div class=\"elementor-widget-container\">\n\t\t\t<link rel=\"stylesheet\" href=\"https:\/\/victoriaminoldo.com.ar\/wp-content\/plugins\/elementor-pro\/assets\/css\/widget-woocommerce.min.css\">\t\t<div class=\"elementor-button-wrapper\">\n\t\t\t<a rel=\"nofollow\" href=\"?add-to-cart=12106\" data-quantity=\"1\" data-product_id=\"12106\" class=\"product_type_simple add_to_cart_button ajax_add_to_cart elementor-button elementor-size-md\" role=\"button\">\n\t\t\t\t\t\t<span class=\"elementor-button-content-wrapper\">\n\t\t\t\t\t\t\t<span class=\"elementor-button-icon elementor-align-icon-left\">\n\t\t\t\t<i aria-hidden=\"true\" class=\"fas fa-shopping-cart\"><\/i>\t\t\t<\/span>\n\t\t\t\t\t\t<span class=\"elementor-button-text\">Comprar<\/span>\n\t\t<\/span>\n\t\t\t\t\t<\/a>\n\t\t<\/div>\n\t\t\t\t<\/div>\n\t\t\t\t<\/div>\n\t\t\t\t\t<\/div>\n\t\t<\/div>\n\t\t\t\t\t\t\t<\/div>\n\t\t<\/section>\n\t\t\t\t\t<\/div>\n\t\t<\/div>\n\t\t\t\t\t\t\t<\/div>\n\t\t<\/section>\n\t\t\t\t\t\t\t<\/div>\n\t\t","protected":false},"excerpt":{"rendered":"<p><span style=\"font-weight: 400;\">-Duraci\u00f3n <strong>\u00a03:00 hs, dividida en 2 encuentros online.<\/strong><br \/>\n-Incluye materiales, apunte y asesor\u00edas online. <\/span><span style=\"font-weight: 400;\"><br \/>\n-Asesor\u00eda y <strong>atenci\u00f3n personalizada<\/strong>.<br \/>\n-Modalidad: 100% Online.\u00a0<\/span><\/p>\n<ul>\n<li><strong>\ud83d\udcb5 10% de descuento pagando por transferencia bancaria<\/strong><\/li>\n<\/ul>\n","protected":false},"featured_media":12107,"template":"","meta":[],"product_cat":[58,32,80],"product_tag":[],"aioseo_notices":[],"_links":{"self":[{"href":"https:\/\/victoriaminoldo.com.ar\/index.php\/wp-json\/wp\/v2\/product\/12106"}],"collection":[{"href":"https:\/\/victoriaminoldo.com.ar\/index.php\/wp-json\/wp\/v2\/product"}],"about":[{"href":"https:\/\/victoriaminoldo.com.ar\/index.php\/wp-json\/wp\/v2\/types\/product"}],"version-history":[{"count":1,"href":"https:\/\/victoriaminoldo.com.ar\/index.php\/wp-json\/wp\/v2\/product\/12106\/revisions"}],"predecessor-version":[{"id":13930,"href":"https:\/\/victoriaminoldo.com.ar\/index.php\/wp-json\/wp\/v2\/product\/12106\/revisions\/13930"}],"wp:featuredmedia":[{"embeddable":true,"href":"https:\/\/victoriaminoldo.com.ar\/index.php\/wp-json\/wp\/v2\/media\/12107"}],"wp:attachment":[{"href":"https:\/\/victoriaminoldo.com.ar\/index.php\/wp-json\/wp\/v2\/media?parent=12106"}],"wp:term":[{"taxonomy":"product_cat","embeddable":true,"href":"https:\/\/victoriaminoldo.com.ar\/index.php\/wp-json\/wp\/v2\/product_cat?post=12106"},{"taxonomy":"product_tag","embeddable":true,"href":"https:\/\/victoriaminoldo.com.ar\/index.php\/wp-json\/wp\/v2\/product_tag?post=12106"}],"curies":[{"name":"wp","href":"https:\/\/api.w.org\/{rel}","templated":true}]}}