{"id":13366,"date":"2022-11-24T19:33:20","date_gmt":"2022-11-24T19:33:20","guid":{"rendered":"https:\/\/victoriaminoldo.com.ar\/?post_type=product&#038;p=13366"},"modified":"2024-11-06T18:49:44","modified_gmt":"2024-11-06T18:49:44","slug":"ebook-detox-de-closet","status":"publish","type":"product","link":"https:\/\/victoriaminoldo.com.ar\/index.php\/product\/ebook-detox-de-closet\/","title":{"rendered":"Ebook: Detox de Closet"},"content":{"rendered":"","protected":false},"excerpt":{"rendered":"<p>A trav\u00e9s de este <strong>ebook gratuito<\/strong> quiero ayudarte a poner orden en tu armario y en tu mente.\u00a0Te invito a regalarte la oportunidad de sentirte m\u00e1s liviana, ser m\u00e1s pr\u00e1ctica y vestirte en menos tiempo.<\/p>\n","protected":false},"featured_media":13369,"template":"","meta":[],"product_cat":[58,76,93],"product_tag":[78,77],"aioseo_notices":[],"_links":{"self":[{"href":"https:\/\/victoriaminoldo.com.ar\/index.php\/wp-json\/wp\/v2\/product\/13366"}],"collection":[{"href":"https:\/\/victoriaminoldo.com.ar\/index.php\/wp-json\/wp\/v2\/product"}],"about":[{"href":"https:\/\/victoriaminoldo.com.ar\/index.php\/wp-json\/wp\/v2\/types\/product"}],"version-history":[{"count":3,"href":"https:\/\/victoriaminoldo.com.ar\/index.php\/wp-json\/wp\/v2\/product\/13366\/revisions"}],"predecessor-version":[{"id":13979,"href":"https:\/\/victoriaminoldo.com.ar\/index.php\/wp-json\/wp\/v2\/product\/13366\/revisions\/13979"}],"wp:featuredmedia":[{"embeddable":true,"href":"https:\/\/victoriaminoldo.com.ar\/index.php\/wp-json\/wp\/v2\/media\/13369"}],"wp:attachment":[{"href":"https:\/\/victoriaminoldo.com.ar\/index.php\/wp-json\/wp\/v2\/media?parent=13366"}],"wp:term":[{"taxonomy":"product_cat","embeddable":true,"href":"https:\/\/victoriaminoldo.com.ar\/index.php\/wp-json\/wp\/v2\/product_cat?post=13366"},{"taxonomy":"product_tag","embeddable":true,"href":"https:\/\/victoriaminoldo.com.ar\/index.php\/wp-json\/wp\/v2\/product_tag?post=13366"}],"curies":[{"name":"wp","href":"https:\/\/api.w.org\/{rel}","templated":true}]}}