{"id":13970,"date":"2024-11-06T16:40:26","date_gmt":"2024-11-06T16:40:26","guid":{"rendered":"https:\/\/victoriaminoldo.com.ar\/?post_type=product&#038;p=13970"},"modified":"2025-03-11T12:52:56","modified_gmt":"2025-03-11T12:52:56","slug":"ebook-estilo-con-alma","status":"publish","type":"product","link":"https:\/\/victoriaminoldo.com.ar\/index.php\/product\/ebook-estilo-con-alma\/","title":{"rendered":"Ebook: Estilo con Alma"},"content":{"rendered":"\t\t<div data-elementor-type=\"product-post\" data-elementor-id=\"13970\" class=\"elementor elementor-13970\">\n\t\t\t\t\t\t\t\t\t<section class=\"wd-negative-gap elementor-section elementor-top-section elementor-element elementor-element-439cd5c elementor-section-content-middle elementor-section-boxed elementor-section-height-default elementor-section-height-default wd-section-disabled exad-glass-effect-no exad-sticky-section-no\" data-id=\"439cd5c\" data-element_type=\"section\">\n\t\t\t\t\t\t<div class=\"elementor-container elementor-column-gap-default\">\n\t\t\t\t\t<div class=\"elementor-column elementor-col-100 elementor-top-column elementor-element elementor-element-b6c356a exad-glass-effect-no exad-sticky-section-no\" data-id=\"b6c356a\" data-element_type=\"column\">\n\t\t\t<div class=\"elementor-widget-wrap elementor-element-populated\">\n\t\t\t\t\t\t\t\t<div class=\"elementor-element elementor-element-d4dd911 exad-sticky-section-no exad-glass-effect-no elementor-widget elementor-widget-wd_text_block\" data-id=\"d4dd911\" data-element_type=\"widget\" data-widget_type=\"wd_text_block.default\">\n\t\t\t\t<div class=\"elementor-widget-container\">\n\t\t\t\t\t<div class=\"wd-text-block reset-last-child text-left\">\n\t\t\t\n\t\t\t<p style=\"text-align: center;\">Preview<\/p>\n\t\t\t\t\t<\/div>\n\t\t\t\t<\/div>\n\t\t\t\t<\/div>\n\t\t\t\t<div class=\"elementor-element elementor-element-75b22b0 exad-sticky-section-no exad-glass-effect-no elementor-widget elementor-widget-html\" data-id=\"75b22b0\" data-element_type=\"widget\" data-widget_type=\"html.default\">\n\t\t\t\t<div class=\"elementor-widget-container\">\n\t\t\t<iframe style='width:900px;height:500px' src='https:\/\/online.pubhtml5.com\/vowml\/ixcn\/'  seamless='seamless' scrolling='no' frameborder='0' allowtransparency='true' allowfullscreen='true' ><\/iframe>\t\t<\/div>\n\t\t\t\t<\/div>\n\t\t\t\t\t<\/div>\n\t\t<\/div>\n\t\t\t\t\t\t\t<\/div>\n\t\t<\/section>\n\t\t\t\t\t\t\t<\/div>\n\t\t","protected":false},"excerpt":{"rendered":"<p>Te invito a explorar una forma \u00fanica de construir tu estilo personal a trav\u00e9s de esta una gu\u00eda que no s\u00f3lo te ayudar\u00e1 a definir c\u00f3mo quer\u00e9s verte, sino a nutrir tu guardarropa con una mirada consciente y sustentable.<\/p>\n","protected":false},"featured_media":13971,"template":"","meta":[],"product_cat":[58,94,93],"product_tag":[96,78,95],"aioseo_notices":[],"_links":{"self":[{"href":"https:\/\/victoriaminoldo.com.ar\/index.php\/wp-json\/wp\/v2\/product\/13970"}],"collection":[{"href":"https:\/\/victoriaminoldo.com.ar\/index.php\/wp-json\/wp\/v2\/product"}],"about":[{"href":"https:\/\/victoriaminoldo.com.ar\/index.php\/wp-json\/wp\/v2\/types\/product"}],"version-history":[{"count":6,"href":"https:\/\/victoriaminoldo.com.ar\/index.php\/wp-json\/wp\/v2\/product\/13970\/revisions"}],"predecessor-version":[{"id":13991,"href":"https:\/\/victoriaminoldo.com.ar\/index.php\/wp-json\/wp\/v2\/product\/13970\/revisions\/13991"}],"wp:featuredmedia":[{"embeddable":true,"href":"https:\/\/victoriaminoldo.com.ar\/index.php\/wp-json\/wp\/v2\/media\/13971"}],"wp:attachment":[{"href":"https:\/\/victoriaminoldo.com.ar\/index.php\/wp-json\/wp\/v2\/media?parent=13970"}],"wp:term":[{"taxonomy":"product_cat","embeddable":true,"href":"https:\/\/victoriaminoldo.com.ar\/index.php\/wp-json\/wp\/v2\/product_cat?post=13970"},{"taxonomy":"product_tag","embeddable":true,"href":"https:\/\/victoriaminoldo.com.ar\/index.php\/wp-json\/wp\/v2\/product_tag?post=13970"}],"curies":[{"name":"wp","href":"https:\/\/api.w.org\/{rel}","templated":true}]}}